{"id":4804,"date":"2018-09-10T02:56:22","date_gmt":"2018-09-10T00:56:22","guid":{"rendered":"https:\/\/demo2wpopal.b-cdn.net\/auros\/?page_id=13"},"modified":"2021-06-17T20:41:10","modified_gmt":"2021-06-17T18:41:10","slug":"about-us","status":"publish","type":"page","link":"https:\/\/alibabamobilya.com\/?page_id=4804","title":{"rendered":"Hakk\u0131m\u0131zda"},"content":{"rendered":"\t\t<div data-elementor-type=\"wp-post\" data-elementor-id=\"4804\" class=\"elementor elementor-4804\" data-elementor-settings=\"[]\">\n\t\t\t\t\t\t\t<div class=\"elementor-section-wrap\">\n\t\t\t\t\t\t\t<section class=\"elementor-section elementor-top-section elementor-element elementor-element-67b8099 elementor-section-boxed elementor-section-height-default elementor-section-height-default\" data-id=\"67b8099\" data-element_type=\"section\">\n\t\t\t\t\t\t<div class=\"elementor-container elementor-column-gap-default\">\n\t\t\t\t\t<div class=\"elementor-column elementor-col-100 elementor-top-column elementor-element elementor-element-4e0b897\" data-id=\"4e0b897\" data-element_type=\"column\">\n\t\t\t<div class=\"elementor-widget-wrap elementor-element-populated\">\n\t\t\t\t\t\t\t\t<div class=\"elementor-element elementor-element-b19034e elementor-invisible elementor-widget elementor-widget-heading\" data-id=\"b19034e\" data-element_type=\"widget\" data-settings=\"{&quot;_animation&quot;:&quot;fadeInUp&quot;}\" data-widget_type=\"heading.default\">\n\t\t\t\t<div class=\"elementor-widget-container\">\n\t\t\t<h2 class=\"elementor-heading-title elementor-size-default\">AL\u0130BABA MOB\u0130LYA - TASARIMIN HAYAT BULDU\u011eU AT\u00d6LYE<\/h2>\t\t<\/div>\n\t\t\t\t<\/div>\n\t\t\t\t<div class=\"elementor-element elementor-element-744f424 elementor-invisible elementor-widget elementor-widget-text-editor\" data-id=\"744f424\" data-element_type=\"widget\" data-settings=\"{&quot;_animation&quot;:&quot;fadeInUp&quot;}\" data-widget_type=\"text-editor.default\">\n\t\t\t\t<div class=\"elementor-widget-container\">\n\t\t\t\t\t<div class=\"elementor-text-editor elementor-clearfix\"><p>Amac\u0131m\u0131z, hayal etti\u011finiz mobilyalar\u0131 en y\u00fcksek kalitede, en uygun fiyatlarla zaman\u0131nda size teslim etmek. Bu hedefimiz do\u011frultusunda her ge\u00e7en g\u00fcn kendimizi geli\u015ftirerek sizlere daha iyi hizmet vermek i\u00e7in \u00e7al\u0131\u015f\u0131yoruz.<\/p><\/div>\n\t\t\t\t<\/div>\n\t\t\t\t<\/div>\n\t\t\t\t\t<\/div>\n\t\t<\/div>\n\t\t\t\t\t\t\t<\/div>\n\t\t<\/section>\n\t\t\t\t<section class=\"elementor-section elementor-top-section elementor-element elementor-element-dba616d elementor-section-boxed elementor-section-height-default elementor-section-height-default\" data-id=\"dba616d\" data-element_type=\"section\">\n\t\t\t\t\t\t<div class=\"elementor-container elementor-column-gap-default\">\n\t\t\t\t\t<div class=\"elementor-column elementor-col-50 elementor-top-column elementor-element elementor-element-61b4377 animated-fast elementor-invisible\" data-id=\"61b4377\" data-element_type=\"column\" data-settings=\"{&quot;animation&quot;:&quot;opal-move-right&quot;}\">\n\t\t\t<div class=\"elementor-widget-wrap elementor-element-populated\">\n\t\t\t\t\t\t\t\t<div class=\"elementor-element elementor-element-47592ca elementor-invisible elementor-widget elementor-widget-image\" data-id=\"47592ca\" data-element_type=\"widget\" data-settings=\"{&quot;_animation&quot;:&quot;fadeInLeft&quot;}\" data-widget_type=\"image.default\">\n\t\t\t\t<div class=\"elementor-widget-container\">\n\t\t\t        <div class=\"elementor-image\">\n                                                <img decoding=\"async\" width=\"600\" height=\"503\" src=\"https:\/\/alibabamobilya.com\/wp-content\/uploads\/2021\/06\/Mobilya_1.png\" class=\"attachment-large size-large wp-post-image\" alt=\"Mobilya_1\" srcset=\"https:\/\/alibabamobilya.com\/wp-content\/uploads\/2021\/06\/Mobilya_1.png 940w, https:\/\/alibabamobilya.com\/wp-content\/uploads\/2021\/06\/Mobilya_1-300x251.png 300w, https:\/\/alibabamobilya.com\/wp-content\/uploads\/2021\/06\/Mobilya_1-768x644.png 768w, https:\/\/alibabamobilya.com\/wp-content\/uploads\/2021\/06\/Mobilya_1-14x12.png 14w, https:\/\/alibabamobilya.com\/wp-content\/uploads\/2021\/06\/Mobilya_1-400x335.png 400w, https:\/\/alibabamobilya.com\/wp-content\/uploads\/2021\/06\/Mobilya_1-600x503.png 600w\" sizes=\"(max-width: 600px) 100vw, 600px\" \/>                                                            <\/div>\n        \t\t<\/div>\n\t\t\t\t<\/div>\n\t\t\t\t\t<\/div>\n\t\t<\/div>\n\t\t\t\t<div class=\"elementor-column elementor-col-50 elementor-top-column elementor-element elementor-element-ca6d932 animated-fast elementor-invisible\" data-id=\"ca6d932\" data-element_type=\"column\" data-settings=\"{&quot;animation&quot;:&quot;opal-move-left&quot;}\">\n\t\t\t<div class=\"elementor-widget-wrap elementor-element-populated\">\n\t\t\t\t\t\t\t\t<div class=\"elementor-element elementor-element-5d21fc3 elementor-invisible elementor-widget elementor-widget-image\" data-id=\"5d21fc3\" data-element_type=\"widget\" data-settings=\"{&quot;_animation&quot;:&quot;fadeInRight&quot;}\" data-widget_type=\"image.default\">\n\t\t\t\t<div class=\"elementor-widget-container\">\n\t\t\t        <div class=\"elementor-image\">\n                                                <img decoding=\"async\" width=\"600\" height=\"503\" src=\"https:\/\/alibabamobilya.com\/wp-content\/uploads\/2021\/06\/Mobilya_2.png\" class=\"attachment-large size-large wp-post-image\" alt=\"Mobilya_2\" srcset=\"https:\/\/alibabamobilya.com\/wp-content\/uploads\/2021\/06\/Mobilya_2.png 940w, https:\/\/alibabamobilya.com\/wp-content\/uploads\/2021\/06\/Mobilya_2-300x251.png 300w, https:\/\/alibabamobilya.com\/wp-content\/uploads\/2021\/06\/Mobilya_2-768x644.png 768w, https:\/\/alibabamobilya.com\/wp-content\/uploads\/2021\/06\/Mobilya_2-14x12.png 14w, https:\/\/alibabamobilya.com\/wp-content\/uploads\/2021\/06\/Mobilya_2-400x335.png 400w, https:\/\/alibabamobilya.com\/wp-content\/uploads\/2021\/06\/Mobilya_2-600x503.png 600w\" sizes=\"(max-width: 600px) 100vw, 600px\" \/>                                                            <\/div>\n        \t\t<\/div>\n\t\t\t\t<\/div>\n\t\t\t\t\t<\/div>\n\t\t<\/div>\n\t\t\t\t\t\t\t<\/div>\n\t\t<\/section>\n\t\t\t\t<section class=\"elementor-section elementor-top-section elementor-element elementor-element-b225e54 elementor-section-boxed elementor-section-height-default elementor-section-height-default\" data-id=\"b225e54\" data-element_type=\"section\">\n\t\t\t\t\t\t<div class=\"elementor-container elementor-column-gap-default\">\n\t\t\t\t\t<div class=\"elementor-column elementor-col-100 elementor-top-column elementor-element elementor-element-ca42837\" data-id=\"ca42837\" data-element_type=\"column\">\n\t\t\t<div class=\"elementor-widget-wrap elementor-element-populated\">\n\t\t\t\t\t\t\t\t<div class=\"elementor-element elementor-element-0312e00 animated-fast elementor-invisible elementor-widget elementor-widget-heading\" data-id=\"0312e00\" data-element_type=\"widget\" data-settings=\"{&quot;_animation&quot;:&quot;opal-move-up&quot;}\" data-widget_type=\"heading.default\">\n\t\t\t\t<div class=\"elementor-widget-container\">\n\t\t\t<h2 class=\"elementor-heading-title elementor-size-default\">Neden Biz?<\/h2>\t\t<\/div>\n\t\t\t\t<\/div>\n\t\t\t\t<section class=\"elementor-section elementor-inner-section elementor-element elementor-element-a6731d5 elementor-section-boxed elementor-section-height-default elementor-section-height-default\" data-id=\"a6731d5\" data-element_type=\"section\">\n\t\t\t\t\t\t<div class=\"elementor-container elementor-column-gap-default\">\n\t\t\t\t\t<div class=\"elementor-column elementor-col-33 elementor-inner-column elementor-element elementor-element-d887348\" data-id=\"d887348\" data-element_type=\"column\">\n\t\t\t<div class=\"elementor-widget-wrap elementor-element-populated\">\n\t\t\t\t\t\t\t\t<div class=\"elementor-element elementor-element-982ceac animated-fast elementor-view-default elementor-position-top elementor-vertical-align-top elementor-invisible elementor-widget elementor-widget-image-box\" data-id=\"982ceac\" data-element_type=\"widget\" data-settings=\"{&quot;_animation&quot;:&quot;opal-move-right&quot;}\" data-widget_type=\"image-box.default\">\n\t\t\t\t<div class=\"elementor-widget-container\">\n\t\t\t<div class=\"elementor-image-box-wrapper\"><div class=\"elementor-image-framed\"><figure class=\"elementor-image-box-img\"><\/figure><\/div><div class=\"elementor-image-box-content\"><h3 class=\"elementor-image-box-title\">7\/24 Destek<\/h3><p class=\"elementor-image-box-description\">Profesyonel ekibimiz ile \u00fcretim ve \u00fcretim sonu olmak \u00fczere her alanda \u00fcr\u00fcn deste\u011fi sa\u011flamaktay\u0131z. Bizim i\u00e7in \u00f6nemli olan sizlerin ald\u0131\u011f\u0131n\u0131z \u00fcr\u00fcn ile ilgili hi\u00e7bir sorun ya\u015famaman\u0131z.<\/p><\/div><\/div>\t\t<\/div>\n\t\t\t\t<\/div>\n\t\t\t\t\t<\/div>\n\t\t<\/div>\n\t\t\t\t<div class=\"elementor-column elementor-col-33 elementor-inner-column elementor-element elementor-element-1179cfc\" data-id=\"1179cfc\" data-element_type=\"column\">\n\t\t\t<div class=\"elementor-widget-wrap elementor-element-populated\">\n\t\t\t\t\t\t\t\t<div class=\"elementor-element elementor-element-a587c71 animated-fast elementor-view-default elementor-position-top elementor-vertical-align-top elementor-invisible elementor-widget elementor-widget-image-box\" data-id=\"a587c71\" data-element_type=\"widget\" data-settings=\"{&quot;_animation&quot;:&quot;opal-move-up&quot;}\" data-widget_type=\"image-box.default\">\n\t\t\t\t<div class=\"elementor-widget-container\">\n\t\t\t<div class=\"elementor-image-box-wrapper\"><div class=\"elementor-image-framed\"><figure class=\"elementor-image-box-img\"><\/figure><\/div><div class=\"elementor-image-box-content\"><h3 class=\"elementor-image-box-title\">\u00dccretsiz Nakliye<\/h3><p class=\"elementor-image-box-description\">\u00dccretsiz nakliye hizmetimiz sayesinde, ald\u0131\u011f\u0131n\u0131z \u00fcr\u00fcn\u00fcn boyutu ve fiyat\u0131na bak\u0131lmaks\u0131z\u0131n istedi\u011finiz yere nakliyesi ger\u00e7ekle\u015ftirilir. Kurulum gerektiren mobilyalar\u0131n ise kurulumu alan\u0131nda usta ekiplerimizce tamamlan\u0131r ve sizlere teslim edilir.  <\/p><\/div><\/div>\t\t<\/div>\n\t\t\t\t<\/div>\n\t\t\t\t\t<\/div>\n\t\t<\/div>\n\t\t\t\t<div class=\"elementor-column elementor-col-33 elementor-inner-column elementor-element elementor-element-e93f152\" data-id=\"e93f152\" data-element_type=\"column\">\n\t\t\t<div class=\"elementor-widget-wrap elementor-element-populated\">\n\t\t\t\t\t\t\t\t<div class=\"elementor-element elementor-element-3896a37 animated-fast elementor-view-default elementor-position-top elementor-vertical-align-top elementor-invisible elementor-widget elementor-widget-image-box\" data-id=\"3896a37\" data-element_type=\"widget\" data-settings=\"{&quot;_animation&quot;:&quot;opal-move-left&quot;}\" data-widget_type=\"image-box.default\">\n\t\t\t\t<div class=\"elementor-widget-container\">\n\t\t\t<div class=\"elementor-image-box-wrapper\"><div class=\"elementor-image-framed\"><figure class=\"elementor-image-box-img\"><\/figure><\/div><div class=\"elementor-image-box-content\"><h3 class=\"elementor-image-box-title\">Y\u00fcksek Kalite \u00dcretim<\/h3><p class=\"elementor-image-box-description\">Kulland\u0131\u011f\u0131m\u0131z her \u00fcr\u00fcn\u00fcn dayan\u0131kl\u0131 ve uzun \u00f6m\u00fcrl\u00fc olmas\u0131n\u0131n yan\u0131 s\u0131ra verdi\u011fimiz emek ile birlikde \u00fcretti\u011fimiz t\u00fcm \u00fcr\u00fcnlerin y\u00fcksek kalite standartlar\u0131m\u0131z\u0131 kar\u015f\u0131lamas\u0131na b\u00fcy\u00fck \u00f6nem g\u00f6stermekteyiz.<\/p><\/div><\/div>\t\t<\/div>\n\t\t\t\t<\/div>\n\t\t\t\t\t<\/div>\n\t\t<\/div>\n\t\t\t\t\t\t\t<\/div>\n\t\t<\/section>\n\t\t\t\t\t<\/div>\n\t\t<\/div>\n\t\t\t\t\t\t\t<\/div>\n\t\t<\/section>\n\t\t\t\t<section class=\"elementor-section elementor-top-section elementor-element elementor-element-f54374d elementor-section-stretched elementor-section-full_width animated-fast elementor-section-height-default elementor-section-height-default elementor-invisible\" data-id=\"f54374d\" data-element_type=\"section\" data-settings=\"{&quot;background_background&quot;:&quot;classic&quot;,&quot;stretch_section&quot;:&quot;section-stretched&quot;,&quot;animation&quot;:&quot;opal-move-up&quot;}\">\n\t\t\t\t\t\t<div class=\"elementor-container elementor-column-gap-no\">\n\t\t\t\t\t<div class=\"elementor-column elementor-col-100 elementor-top-column elementor-element elementor-element-7c7fb73\" data-id=\"7c7fb73\" data-element_type=\"column\">\n\t\t\t<div class=\"elementor-widget-wrap elementor-element-populated\">\n\t\t\t\t\t\t\t\t<div class=\"elementor-element elementor-element-8cdd211 elementor-widget elementor-widget-opal-video-popup\" data-id=\"8cdd211\" data-element_type=\"widget\" data-widget_type=\"opal-video-popup.default\">\n\t\t\t\t<div class=\"elementor-widget-container\">\n\t\t\t        <div class=\"elementor-video-wrapper opal-video-popup\">\n            <a class=\"elementor-video-popup\" role=\"button\" href=\"https:\/\/www.youtube.com\/watch?v=oczDfPawS1I\" data-effect=\"mfp-zoom-in\">\n                <span class=\"elementor-video-icon\"><i class=\"fa fa-play\"><\/i><\/span>\n                            <\/a>\n\n        <\/div>\n        \t\t<\/div>\n\t\t\t\t<\/div>\n\t\t\t\t\t<\/div>\n\t\t<\/div>\n\t\t\t\t\t\t\t<\/div>\n\t\t<\/section>\n\t\t\t\t\t\t<\/div>\n\t\t\t\t\t<\/div>\n\t\t","protected":false},"excerpt":{"rendered":"<p>AL\u0130BABA MOB\u0130LYA &#8211; TASARIMIN HAYAT BULDU\u011eU AT\u00d6LYE Amac\u0131m\u0131z, hayal etti\u011finiz mobilyalar\u0131 en y\u00fcksek kalitede, en uygun fiyatlarla zaman\u0131nda size teslim etmek. Bu hedefimiz do\u011frultusunda her ge\u00e7en g\u00fcn kendimizi geli\u015ftirerek sizlere daha iyi hizmet vermek i\u00e7in \u00e7al\u0131\u015f\u0131yoruz. Neden Biz? 7\/24 Destek Profesyonel ekibimiz ile \u00fcretim ve \u00fcretim sonu olmak \u00fczere her alanda \u00fcr\u00fcn deste\u011fi sa\u011flamaktay\u0131z. Bizim &hellip; <\/p>\n<p class=\"link-more\"><a href=\"https:\/\/alibabamobilya.com\/?page_id=4804\" class=\"more-link\">Read More <span class=\"screen-reader-text\"> &#8220;Hakk\u0131m\u0131zda&#8221;<\/span><\/a><\/p>\n","protected":false},"author":2,"featured_media":0,"parent":0,"menu_order":0,"comment_status":"closed","ping_status":"closed","template":"","meta":{"footnotes":""},"class_list":["post-4804","page","type-page","status-publish","hentry"],"yoast_head":"<!-- This site is optimized with the Yoast SEO plugin v16.5 - https:\/\/yoast.com\/wordpress\/plugins\/seo\/ -->\n<title>Hakk\u0131m\u0131zda - Alibaba mobilya<\/title>\n<meta name=\"robots\" content=\"index, follow, max-snippet:-1, max-image-preview:large, max-video-preview:-1\" \/>\n<link rel=\"canonical\" href=\"https:\/\/alibabamobilya.com\/?page_id=4804\" \/>\n<meta property=\"og:locale\" content=\"tr_TR\" \/>\n<meta property=\"og:type\" content=\"article\" \/>\n<meta property=\"og:title\" content=\"Hakk\u0131m\u0131zda - Alibaba mobilya\" \/>\n<meta property=\"og:description\" content=\"AL\u0130BABA MOB\u0130LYA &#8211; TASARIMIN HAYAT BULDU\u011eU AT\u00d6LYE Amac\u0131m\u0131z, hayal etti\u011finiz mobilyalar\u0131 en y\u00fcksek kalitede, en uygun fiyatlarla zaman\u0131nda size teslim etmek. Bu hedefimiz do\u011frultusunda her ge\u00e7en g\u00fcn kendimizi geli\u015ftirerek sizlere daha iyi hizmet vermek i\u00e7in \u00e7al\u0131\u015f\u0131yoruz. Neden Biz? 7\/24 Destek Profesyonel ekibimiz ile \u00fcretim ve \u00fcretim sonu olmak \u00fczere her alanda \u00fcr\u00fcn deste\u011fi sa\u011flamaktay\u0131z. Bizim &hellip; Read More &quot;Hakk\u0131m\u0131zda&quot;\" \/>\n<meta property=\"og:url\" content=\"https:\/\/alibabamobilya.com\/?page_id=4804\" \/>\n<meta property=\"og:site_name\" content=\"Alibaba mobilya\" \/>\n<meta property=\"article:modified_time\" content=\"2021-06-17T18:41:10+00:00\" \/>\n<meta property=\"og:image\" content=\"https:\/\/alibabamobilya.com\/wp-content\/uploads\/2021\/06\/Mobilya_1.png\" \/>\n<meta name=\"twitter:card\" content=\"summary_large_image\" \/>\n<meta name=\"twitter:label1\" content=\"Tahmini okuma s\u00fcresi\" \/>\n\t<meta name=\"twitter:data1\" content=\"1 dakika\" \/>\n<script type=\"application\/ld+json\" class=\"yoast-schema-graph\">{\"@context\":\"https:\/\/schema.org\",\"@graph\":[{\"@type\":\"WebSite\",\"@id\":\"https:\/\/alibabamobilya.com\/#website\",\"url\":\"https:\/\/alibabamobilya.com\/\",\"name\":\"Alibaba mobilya\",\"description\":\"Infinite furniture\",\"potentialAction\":[{\"@type\":\"SearchAction\",\"target\":\"https:\/\/alibabamobilya.com\/?s={search_term_string}\",\"query-input\":\"required name=search_term_string\"}],\"inLanguage\":\"tr\"},{\"@type\":\"ImageObject\",\"@id\":\"https:\/\/alibabamobilya.com\/?page_id=4804#primaryimage\",\"inLanguage\":\"tr\",\"url\":\"https:\/\/alibabamobilya.com\/wp-content\/uploads\/2021\/06\/Mobilya_1.png\",\"contentUrl\":\"https:\/\/alibabamobilya.com\/wp-content\/uploads\/2021\/06\/Mobilya_1.png\",\"width\":940,\"height\":788,\"caption\":\"Mobilya_1\"},{\"@type\":\"WebPage\",\"@id\":\"https:\/\/alibabamobilya.com\/?page_id=4804#webpage\",\"url\":\"https:\/\/alibabamobilya.com\/?page_id=4804\",\"name\":\"Hakk\\u0131m\\u0131zda - Alibaba mobilya\",\"isPartOf\":{\"@id\":\"https:\/\/alibabamobilya.com\/#website\"},\"primaryImageOfPage\":{\"@id\":\"https:\/\/alibabamobilya.com\/?page_id=4804#primaryimage\"},\"datePublished\":\"2018-09-10T00:56:22+00:00\",\"dateModified\":\"2021-06-17T18:41:10+00:00\",\"breadcrumb\":{\"@id\":\"https:\/\/alibabamobilya.com\/?page_id=4804#breadcrumb\"},\"inLanguage\":\"tr\",\"potentialAction\":[{\"@type\":\"ReadAction\",\"target\":[\"https:\/\/alibabamobilya.com\/?page_id=4804\"]}]},{\"@type\":\"BreadcrumbList\",\"@id\":\"https:\/\/alibabamobilya.com\/?page_id=4804#breadcrumb\",\"itemListElement\":[{\"@type\":\"ListItem\",\"position\":1,\"name\":\"Anasayfa\",\"item\":\"https:\/\/alibabamobilya.com\/\"},{\"@type\":\"ListItem\",\"position\":2,\"name\":\"Hakk\\u0131m\\u0131zda\"}]}]}<\/script>\n<!-- \/ Yoast SEO plugin. -->","_links":{"self":[{"href":"https:\/\/alibabamobilya.com\/index.php?rest_route=\/wp\/v2\/pages\/4804","targetHints":{"allow":["GET"]}}],"collection":[{"href":"https:\/\/alibabamobilya.com\/index.php?rest_route=\/wp\/v2\/pages"}],"about":[{"href":"https:\/\/alibabamobilya.com\/index.php?rest_route=\/wp\/v2\/types\/page"}],"author":[{"embeddable":true,"href":"https:\/\/alibabamobilya.com\/index.php?rest_route=\/wp\/v2\/users\/2"}],"replies":[{"embeddable":true,"href":"https:\/\/alibabamobilya.com\/index.php?rest_route=%2Fwp%2Fv2%2Fcomments&post=4804"}],"version-history":[{"count":21,"href":"https:\/\/alibabamobilya.com\/index.php?rest_route=\/wp\/v2\/pages\/4804\/revisions"}],"predecessor-version":[{"id":5089,"href":"https:\/\/alibabamobilya.com\/index.php?rest_route=\/wp\/v2\/pages\/4804\/revisions\/5089"}],"wp:attachment":[{"href":"https:\/\/alibabamobilya.com\/index.php?rest_route=%2Fwp%2Fv2%2Fmedia&parent=4804"}],"curies":[{"name":"wp","href":"https:\/\/api.w.org\/{rel}","templated":true}]}}