{"id":5168,"date":"2021-06-18T21:36:38","date_gmt":"2021-06-18T19:36:38","guid":{"rendered":"https:\/\/alibabamobilya.com\/?post_type=product&#038;p=5168"},"modified":"2021-06-18T23:39:54","modified_gmt":"2021-06-18T21:39:54","slug":"organik-oyuncak-tren","status":"publish","type":"product","link":"https:\/\/alibabamobilya.com\/?product=organik-oyuncak-tren","title":{"rendered":"Organik Oyuncak Tren"},"content":{"rendered":"<figure id=\"attachment_5169\" aria-describedby=\"caption-attachment-5169\" style=\"width: 300px\" class=\"wp-caption alignnone\"><img decoding=\"async\" class=\"size-medium wp-image-5169\" src=\"https:\/\/alibabamobilya.com\/wp-content\/uploads\/2021\/06\/1-300x300.png\" alt=\"Oyuncak Tren\" width=\"300\" height=\"300\" srcset=\"https:\/\/alibabamobilya.com\/wp-content\/uploads\/2021\/06\/1-300x300.png 300w, https:\/\/alibabamobilya.com\/wp-content\/uploads\/2021\/06\/1-1024x1024.png 1024w, https:\/\/alibabamobilya.com\/wp-content\/uploads\/2021\/06\/1-150x150.png 150w, https:\/\/alibabamobilya.com\/wp-content\/uploads\/2021\/06\/1-768x768.png 768w, https:\/\/alibabamobilya.com\/wp-content\/uploads\/2021\/06\/1-12x12.png 12w, https:\/\/alibabamobilya.com\/wp-content\/uploads\/2021\/06\/1-400x400.png 400w, https:\/\/alibabamobilya.com\/wp-content\/uploads\/2021\/06\/1-100x100.png 100w, https:\/\/alibabamobilya.com\/wp-content\/uploads\/2021\/06\/1-600x600.png 600w, https:\/\/alibabamobilya.com\/wp-content\/uploads\/2021\/06\/1.png 1080w\" sizes=\"(max-width: 300px) 100vw, 300px\" \/><figcaption id=\"caption-attachment-5169\" class=\"wp-caption-text\">Oyuncak Tren<\/figcaption><\/figure>\n","protected":false},"excerpt":{"rendered":"<p>Tamamen organik \u00fcr\u00fcnler kullan\u0131larak \u00fcretilmi\u015f oyuncak tren<\/p>\n","protected":false},"featured_media":5169,"comment_status":"open","ping_status":"closed","template":"","meta":[],"product_cat":[62,42],"product_tag":[],"class_list":{"0":"post-5168","1":"product","2":"type-product","3":"status-publish","4":"has-post-thumbnail","6":"product_cat-oyuncak","7":"product_cat-all","9":"first","10":"instock","11":"shipping-taxable","12":"purchasable","13":"product-type-simple"},"yoast_head":"<!-- This site is optimized with the Yoast SEO plugin v16.5 - https:\/\/yoast.com\/wordpress\/plugins\/seo\/ -->\n<title>Organik Oyuncak Tren - Alibaba mobilya<\/title>\n<meta name=\"robots\" content=\"index, follow, max-snippet:-1, max-image-preview:large, max-video-preview:-1\" \/>\n<link rel=\"canonical\" href=\"https:\/\/alibabamobilya.com\/product\/organik-oyuncak-tren\/\" \/>\n<meta property=\"og:locale\" content=\"tr_TR\" \/>\n<meta property=\"og:type\" content=\"article\" \/>\n<meta property=\"og:title\" content=\"Organik Oyuncak Tren - Alibaba mobilya\" \/>\n<meta property=\"og:description\" content=\"Tamamen organik \u00fcr\u00fcnler kullan\u0131larak \u00fcretilmi\u015f oyuncak tren\" \/>\n<meta property=\"og:url\" content=\"https:\/\/alibabamobilya.com\/product\/organik-oyuncak-tren\/\" \/>\n<meta property=\"og:site_name\" content=\"Alibaba mobilya\" \/>\n<meta property=\"article:modified_time\" content=\"2021-06-18T21:39:54+00:00\" \/>\n<meta property=\"og:image\" content=\"https:\/\/alibabamobilya.com\/wp-content\/uploads\/2021\/06\/1.png\" \/>\n\t<meta property=\"og:image:width\" content=\"1080\" \/>\n\t<meta property=\"og:image:height\" content=\"1080\" \/>\n<meta name=\"twitter:card\" content=\"summary_large_image\" \/>\n<meta name=\"twitter:label1\" content=\"Tahmini okuma s\u00fcresi\" \/>\n\t<meta name=\"twitter:data1\" content=\"1 dakika\" \/>\n<script type=\"application\/ld+json\" class=\"yoast-schema-graph\">{\"@context\":\"https:\/\/schema.org\",\"@graph\":[{\"@type\":\"WebSite\",\"@id\":\"https:\/\/alibabamobilya.com\/#website\",\"url\":\"https:\/\/alibabamobilya.com\/\",\"name\":\"Alibaba mobilya\",\"description\":\"Infinite furniture\",\"potentialAction\":[{\"@type\":\"SearchAction\",\"target\":\"https:\/\/alibabamobilya.com\/?s={search_term_string}\",\"query-input\":\"required name=search_term_string\"}],\"inLanguage\":\"tr\"},{\"@type\":\"ImageObject\",\"@id\":\"https:\/\/alibabamobilya.com\/product\/organik-oyuncak-tren\/#primaryimage\",\"inLanguage\":\"tr\",\"url\":\"https:\/\/alibabamobilya.com\/wp-content\/uploads\/2021\/06\/1.png\",\"contentUrl\":\"https:\/\/alibabamobilya.com\/wp-content\/uploads\/2021\/06\/1.png\",\"width\":1080,\"height\":1080,\"caption\":\"Oyuncak Tren\"},{\"@type\":\"WebPage\",\"@id\":\"https:\/\/alibabamobilya.com\/product\/organik-oyuncak-tren\/#webpage\",\"url\":\"https:\/\/alibabamobilya.com\/product\/organik-oyuncak-tren\/\",\"name\":\"Organik Oyuncak Tren - Alibaba mobilya\",\"isPartOf\":{\"@id\":\"https:\/\/alibabamobilya.com\/#website\"},\"primaryImageOfPage\":{\"@id\":\"https:\/\/alibabamobilya.com\/product\/organik-oyuncak-tren\/#primaryimage\"},\"datePublished\":\"2021-06-18T19:36:38+00:00\",\"dateModified\":\"2021-06-18T21:39:54+00:00\",\"breadcrumb\":{\"@id\":\"https:\/\/alibabamobilya.com\/product\/organik-oyuncak-tren\/#breadcrumb\"},\"inLanguage\":\"tr\",\"potentialAction\":[{\"@type\":\"ReadAction\",\"target\":[\"https:\/\/alibabamobilya.com\/product\/organik-oyuncak-tren\/\"]}]},{\"@type\":\"BreadcrumbList\",\"@id\":\"https:\/\/alibabamobilya.com\/product\/organik-oyuncak-tren\/#breadcrumb\",\"itemListElement\":[{\"@type\":\"ListItem\",\"position\":1,\"name\":\"Anasayfa\",\"item\":\"https:\/\/alibabamobilya.com\/\"},{\"@type\":\"ListItem\",\"position\":2,\"name\":\"\\u00dcr\\u00fcnlerimiz\",\"item\":\"https:\/\/alibabamobilya.com\/?page_id=37\"},{\"@type\":\"ListItem\",\"position\":3,\"name\":\"Organik Oyuncak Tren\"}]}]}<\/script>\n<!-- \/ Yoast SEO plugin. -->","_links":{"self":[{"href":"https:\/\/alibabamobilya.com\/index.php?rest_route=\/wp\/v2\/product\/5168","targetHints":{"allow":["GET"]}}],"collection":[{"href":"https:\/\/alibabamobilya.com\/index.php?rest_route=\/wp\/v2\/product"}],"about":[{"href":"https:\/\/alibabamobilya.com\/index.php?rest_route=\/wp\/v2\/types\/product"}],"replies":[{"embeddable":true,"href":"https:\/\/alibabamobilya.com\/index.php?rest_route=%2Fwp%2Fv2%2Fcomments&post=5168"}],"version-history":[{"count":1,"href":"https:\/\/alibabamobilya.com\/index.php?rest_route=\/wp\/v2\/product\/5168\/revisions"}],"predecessor-version":[{"id":5170,"href":"https:\/\/alibabamobilya.com\/index.php?rest_route=\/wp\/v2\/product\/5168\/revisions\/5170"}],"wp:featuredmedia":[{"embeddable":true,"href":"https:\/\/alibabamobilya.com\/index.php?rest_route=\/wp\/v2\/media\/5169"}],"wp:attachment":[{"href":"https:\/\/alibabamobilya.com\/index.php?rest_route=%2Fwp%2Fv2%2Fmedia&parent=5168"}],"wp:term":[{"taxonomy":"product_cat","embeddable":true,"href":"https:\/\/alibabamobilya.com\/index.php?rest_route=%2Fwp%2Fv2%2Fproduct_cat&post=5168"},{"taxonomy":"product_tag","embeddable":true,"href":"https:\/\/alibabamobilya.com\/index.php?rest_route=%2Fwp%2Fv2%2Fproduct_tag&post=5168"}],"curies":[{"name":"wp","href":"https:\/\/api.w.org\/{rel}","templated":true}]}}