{"id":5184,"date":"2021-06-18T23:14:23","date_gmt":"2021-06-18T21:14:23","guid":{"rendered":"https:\/\/alibabamobilya.com\/?post_type=product&#038;p=5184"},"modified":"2021-06-18T23:38:37","modified_gmt":"2021-06-18T21:38:37","slug":"organik-oyuncak-traktor","status":"publish","type":"product","link":"https:\/\/alibabamobilya.com\/?product=organik-oyuncak-traktor","title":{"rendered":"Organik Oyuncak Trakt\u00f6r"},"content":{"rendered":"<figure id=\"attachment_5185\" aria-describedby=\"caption-attachment-5185\" style=\"width: 300px\" class=\"wp-caption alignnone\"><img decoding=\"async\" class=\"size-medium wp-image-5185\" src=\"https:\/\/alibabamobilya.com\/wp-content\/uploads\/2021\/06\/5-300x300.png\" alt=\"Oyuncak Trakt\u00f6r\" width=\"300\" height=\"300\" srcset=\"https:\/\/alibabamobilya.com\/wp-content\/uploads\/2021\/06\/5-300x300.png 300w, https:\/\/alibabamobilya.com\/wp-content\/uploads\/2021\/06\/5-1024x1024.png 1024w, https:\/\/alibabamobilya.com\/wp-content\/uploads\/2021\/06\/5-150x150.png 150w, https:\/\/alibabamobilya.com\/wp-content\/uploads\/2021\/06\/5-768x768.png 768w, https:\/\/alibabamobilya.com\/wp-content\/uploads\/2021\/06\/5-12x12.png 12w, https:\/\/alibabamobilya.com\/wp-content\/uploads\/2021\/06\/5-400x400.png 400w, https:\/\/alibabamobilya.com\/wp-content\/uploads\/2021\/06\/5-100x100.png 100w, https:\/\/alibabamobilya.com\/wp-content\/uploads\/2021\/06\/5-600x600.png 600w, https:\/\/alibabamobilya.com\/wp-content\/uploads\/2021\/06\/5.png 1080w\" sizes=\"(max-width: 300px) 100vw, 300px\" \/><figcaption id=\"caption-attachment-5185\" class=\"wp-caption-text\">Oyuncak Trakt\u00f6r<\/figcaption><\/figure>\n","protected":false},"excerpt":{"rendered":"<p>Tamamen organik \u00fcr\u00fcnler kullan\u0131larak \u00fcretilmi\u015f oyuncak trakt\u00f6r (trakt\u00f6r eklentisi ile birlikte sat\u0131lmaktad\u0131r)<\/p>\n","protected":false},"featured_media":5185,"comment_status":"open","ping_status":"closed","template":"","meta":[],"product_cat":[62,42],"product_tag":[],"class_list":{"0":"post-5184","1":"product","2":"type-product","3":"status-publish","4":"has-post-thumbnail","6":"product_cat-oyuncak","7":"product_cat-all","9":"first","10":"instock","11":"sale","12":"shipping-taxable","13":"purchasable","14":"product-type-simple"},"yoast_head":"<!-- This site is optimized with the Yoast SEO plugin v16.5 - https:\/\/yoast.com\/wordpress\/plugins\/seo\/ -->\n<title>Organik Oyuncak Trakt\u00f6r - Alibaba mobilya<\/title>\n<meta name=\"robots\" content=\"index, follow, max-snippet:-1, max-image-preview:large, max-video-preview:-1\" \/>\n<link rel=\"canonical\" href=\"https:\/\/alibabamobilya.com\/product\/organik-oyuncak-traktor\/\" \/>\n<meta property=\"og:locale\" content=\"tr_TR\" \/>\n<meta property=\"og:type\" content=\"article\" \/>\n<meta property=\"og:title\" content=\"Organik Oyuncak Trakt\u00f6r - Alibaba mobilya\" \/>\n<meta property=\"og:description\" content=\"Tamamen organik \u00fcr\u00fcnler kullan\u0131larak \u00fcretilmi\u015f oyuncak trakt\u00f6r (trakt\u00f6r eklentisi ile birlikte sat\u0131lmaktad\u0131r)\" \/>\n<meta property=\"og:url\" content=\"https:\/\/alibabamobilya.com\/product\/organik-oyuncak-traktor\/\" \/>\n<meta property=\"og:site_name\" content=\"Alibaba mobilya\" \/>\n<meta property=\"article:modified_time\" content=\"2021-06-18T21:38:37+00:00\" \/>\n<meta property=\"og:image\" content=\"https:\/\/alibabamobilya.com\/wp-content\/uploads\/2021\/06\/5.png\" \/>\n\t<meta property=\"og:image:width\" content=\"1080\" \/>\n\t<meta property=\"og:image:height\" content=\"1080\" \/>\n<meta name=\"twitter:card\" content=\"summary_large_image\" \/>\n<meta name=\"twitter:label1\" content=\"Tahmini okuma s\u00fcresi\" \/>\n\t<meta name=\"twitter:data1\" content=\"1 dakika\" \/>\n<script type=\"application\/ld+json\" class=\"yoast-schema-graph\">{\"@context\":\"https:\/\/schema.org\",\"@graph\":[{\"@type\":\"WebSite\",\"@id\":\"https:\/\/alibabamobilya.com\/#website\",\"url\":\"https:\/\/alibabamobilya.com\/\",\"name\":\"Alibaba mobilya\",\"description\":\"Infinite furniture\",\"potentialAction\":[{\"@type\":\"SearchAction\",\"target\":\"https:\/\/alibabamobilya.com\/?s={search_term_string}\",\"query-input\":\"required name=search_term_string\"}],\"inLanguage\":\"tr\"},{\"@type\":\"ImageObject\",\"@id\":\"https:\/\/alibabamobilya.com\/product\/organik-oyuncak-traktor\/#primaryimage\",\"inLanguage\":\"tr\",\"url\":\"https:\/\/alibabamobilya.com\/wp-content\/uploads\/2021\/06\/5.png\",\"contentUrl\":\"https:\/\/alibabamobilya.com\/wp-content\/uploads\/2021\/06\/5.png\",\"width\":1080,\"height\":1080,\"caption\":\"Oyuncak Trakt\\u00f6r\"},{\"@type\":\"WebPage\",\"@id\":\"https:\/\/alibabamobilya.com\/product\/organik-oyuncak-traktor\/#webpage\",\"url\":\"https:\/\/alibabamobilya.com\/product\/organik-oyuncak-traktor\/\",\"name\":\"Organik Oyuncak Trakt\\u00f6r - Alibaba mobilya\",\"isPartOf\":{\"@id\":\"https:\/\/alibabamobilya.com\/#website\"},\"primaryImageOfPage\":{\"@id\":\"https:\/\/alibabamobilya.com\/product\/organik-oyuncak-traktor\/#primaryimage\"},\"datePublished\":\"2021-06-18T21:14:23+00:00\",\"dateModified\":\"2021-06-18T21:38:37+00:00\",\"breadcrumb\":{\"@id\":\"https:\/\/alibabamobilya.com\/product\/organik-oyuncak-traktor\/#breadcrumb\"},\"inLanguage\":\"tr\",\"potentialAction\":[{\"@type\":\"ReadAction\",\"target\":[\"https:\/\/alibabamobilya.com\/product\/organik-oyuncak-traktor\/\"]}]},{\"@type\":\"BreadcrumbList\",\"@id\":\"https:\/\/alibabamobilya.com\/product\/organik-oyuncak-traktor\/#breadcrumb\",\"itemListElement\":[{\"@type\":\"ListItem\",\"position\":1,\"name\":\"Anasayfa\",\"item\":\"https:\/\/alibabamobilya.com\/\"},{\"@type\":\"ListItem\",\"position\":2,\"name\":\"\\u00dcr\\u00fcnlerimiz\",\"item\":\"https:\/\/alibabamobilya.com\/?page_id=37\"},{\"@type\":\"ListItem\",\"position\":3,\"name\":\"Organik Oyuncak Trakt\\u00f6r\"}]}]}<\/script>\n<!-- \/ Yoast SEO plugin. -->","_links":{"self":[{"href":"https:\/\/alibabamobilya.com\/index.php?rest_route=\/wp\/v2\/product\/5184","targetHints":{"allow":["GET"]}}],"collection":[{"href":"https:\/\/alibabamobilya.com\/index.php?rest_route=\/wp\/v2\/product"}],"about":[{"href":"https:\/\/alibabamobilya.com\/index.php?rest_route=\/wp\/v2\/types\/product"}],"replies":[{"embeddable":true,"href":"https:\/\/alibabamobilya.com\/index.php?rest_route=%2Fwp%2Fv2%2Fcomments&post=5184"}],"version-history":[{"count":1,"href":"https:\/\/alibabamobilya.com\/index.php?rest_route=\/wp\/v2\/product\/5184\/revisions"}],"predecessor-version":[{"id":5186,"href":"https:\/\/alibabamobilya.com\/index.php?rest_route=\/wp\/v2\/product\/5184\/revisions\/5186"}],"wp:featuredmedia":[{"embeddable":true,"href":"https:\/\/alibabamobilya.com\/index.php?rest_route=\/wp\/v2\/media\/5185"}],"wp:attachment":[{"href":"https:\/\/alibabamobilya.com\/index.php?rest_route=%2Fwp%2Fv2%2Fmedia&parent=5184"}],"wp:term":[{"taxonomy":"product_cat","embeddable":true,"href":"https:\/\/alibabamobilya.com\/index.php?rest_route=%2Fwp%2Fv2%2Fproduct_cat&post=5184"},{"taxonomy":"product_tag","embeddable":true,"href":"https:\/\/alibabamobilya.com\/index.php?rest_route=%2Fwp%2Fv2%2Fproduct_tag&post=5184"}],"curies":[{"name":"wp","href":"https:\/\/api.w.org\/{rel}","templated":true}]}}