{"id":5187,"date":"2021-06-18T23:17:32","date_gmt":"2021-06-18T21:17:32","guid":{"rendered":"https:\/\/alibabamobilya.com\/?post_type=product&#038;p=5187"},"modified":"2021-06-28T20:33:27","modified_gmt":"2021-06-28T18:33:27","slug":"organik-oyuncak-arazi-araci","status":"publish","type":"product","link":"https:\/\/alibabamobilya.com\/?product=organik-oyuncak-arazi-araci","title":{"rendered":"Organik Oyuncak Arazi Arac\u0131"},"content":{"rendered":"<figure id=\"attachment_5188\" aria-describedby=\"caption-attachment-5188\" style=\"width: 300px\" class=\"wp-caption alignnone\"><img decoding=\"async\" class=\"size-medium wp-image-5188\" src=\"https:\/\/alibabamobilya.com\/wp-content\/uploads\/2021\/06\/7-300x300.png\" alt=\"Oyuncak Arazi Arac\u0131 \" width=\"300\" height=\"300\" srcset=\"https:\/\/alibabamobilya.com\/wp-content\/uploads\/2021\/06\/7-300x300.png 300w, https:\/\/alibabamobilya.com\/wp-content\/uploads\/2021\/06\/7-1024x1024.png 1024w, https:\/\/alibabamobilya.com\/wp-content\/uploads\/2021\/06\/7-150x150.png 150w, https:\/\/alibabamobilya.com\/wp-content\/uploads\/2021\/06\/7-768x768.png 768w, https:\/\/alibabamobilya.com\/wp-content\/uploads\/2021\/06\/7-12x12.png 12w, https:\/\/alibabamobilya.com\/wp-content\/uploads\/2021\/06\/7-400x400.png 400w, https:\/\/alibabamobilya.com\/wp-content\/uploads\/2021\/06\/7-100x100.png 100w, https:\/\/alibabamobilya.com\/wp-content\/uploads\/2021\/06\/7-600x600.png 600w, https:\/\/alibabamobilya.com\/wp-content\/uploads\/2021\/06\/7.png 1080w\" sizes=\"(max-width: 300px) 100vw, 300px\" \/><figcaption id=\"caption-attachment-5188\" class=\"wp-caption-text\">Oyuncak Arazi Arac\u0131<\/figcaption><\/figure>\n","protected":false},"excerpt":{"rendered":"<p>Tamamen organik \u00fcr\u00fcnler kullan\u0131larak \u00fcretilmi\u015f oyuncak arazi arac\u0131<\/p>\n","protected":false},"featured_media":5188,"comment_status":"open","ping_status":"closed","template":"","meta":[],"product_cat":[62,42],"product_tag":[],"class_list":{"0":"post-5187","1":"product","2":"type-product","3":"status-publish","4":"has-post-thumbnail","6":"product_cat-oyuncak","7":"product_cat-all","9":"first","10":"instock","11":"shipping-taxable","12":"purchasable","13":"product-type-simple"},"yoast_head":"<!-- This site is optimized with the Yoast SEO plugin v16.5 - https:\/\/yoast.com\/wordpress\/plugins\/seo\/ -->\n<title>Organik Oyuncak Arazi Arac\u0131 - Alibaba mobilya<\/title>\n<meta name=\"robots\" content=\"index, follow, max-snippet:-1, max-image-preview:large, max-video-preview:-1\" \/>\n<link rel=\"canonical\" href=\"https:\/\/alibabamobilya.com\/product\/organik-oyuncak-arazi-araci\/\" \/>\n<meta property=\"og:locale\" content=\"tr_TR\" \/>\n<meta property=\"og:type\" content=\"article\" \/>\n<meta property=\"og:title\" content=\"Organik Oyuncak Arazi Arac\u0131 - Alibaba mobilya\" \/>\n<meta property=\"og:description\" content=\"Tamamen organik \u00fcr\u00fcnler kullan\u0131larak \u00fcretilmi\u015f oyuncak arazi arac\u0131\" \/>\n<meta property=\"og:url\" content=\"https:\/\/alibabamobilya.com\/product\/organik-oyuncak-arazi-araci\/\" \/>\n<meta property=\"og:site_name\" content=\"Alibaba mobilya\" \/>\n<meta property=\"article:modified_time\" content=\"2021-06-28T18:33:27+00:00\" \/>\n<meta property=\"og:image\" content=\"https:\/\/alibabamobilya.com\/wp-content\/uploads\/2021\/06\/7.png\" \/>\n\t<meta property=\"og:image:width\" content=\"1080\" \/>\n\t<meta property=\"og:image:height\" content=\"1080\" \/>\n<meta name=\"twitter:card\" content=\"summary_large_image\" \/>\n<meta name=\"twitter:label1\" content=\"Tahmini okuma s\u00fcresi\" \/>\n\t<meta name=\"twitter:data1\" content=\"1 dakika\" \/>\n<script type=\"application\/ld+json\" class=\"yoast-schema-graph\">{\"@context\":\"https:\/\/schema.org\",\"@graph\":[{\"@type\":\"WebSite\",\"@id\":\"https:\/\/alibabamobilya.com\/#website\",\"url\":\"https:\/\/alibabamobilya.com\/\",\"name\":\"Alibaba mobilya\",\"description\":\"Infinite furniture\",\"potentialAction\":[{\"@type\":\"SearchAction\",\"target\":\"https:\/\/alibabamobilya.com\/?s={search_term_string}\",\"query-input\":\"required name=search_term_string\"}],\"inLanguage\":\"tr\"},{\"@type\":\"ImageObject\",\"@id\":\"https:\/\/alibabamobilya.com\/product\/organik-oyuncak-arazi-araci\/#primaryimage\",\"inLanguage\":\"tr\",\"url\":\"https:\/\/alibabamobilya.com\/wp-content\/uploads\/2021\/06\/7.png\",\"contentUrl\":\"https:\/\/alibabamobilya.com\/wp-content\/uploads\/2021\/06\/7.png\",\"width\":1080,\"height\":1080,\"caption\":\"Oyuncak Arazi Arac\\u0131\"},{\"@type\":\"WebPage\",\"@id\":\"https:\/\/alibabamobilya.com\/product\/organik-oyuncak-arazi-araci\/#webpage\",\"url\":\"https:\/\/alibabamobilya.com\/product\/organik-oyuncak-arazi-araci\/\",\"name\":\"Organik Oyuncak Arazi Arac\\u0131 - Alibaba mobilya\",\"isPartOf\":{\"@id\":\"https:\/\/alibabamobilya.com\/#website\"},\"primaryImageOfPage\":{\"@id\":\"https:\/\/alibabamobilya.com\/product\/organik-oyuncak-arazi-araci\/#primaryimage\"},\"datePublished\":\"2021-06-18T21:17:32+00:00\",\"dateModified\":\"2021-06-28T18:33:27+00:00\",\"breadcrumb\":{\"@id\":\"https:\/\/alibabamobilya.com\/product\/organik-oyuncak-arazi-araci\/#breadcrumb\"},\"inLanguage\":\"tr\",\"potentialAction\":[{\"@type\":\"ReadAction\",\"target\":[\"https:\/\/alibabamobilya.com\/product\/organik-oyuncak-arazi-araci\/\"]}]},{\"@type\":\"BreadcrumbList\",\"@id\":\"https:\/\/alibabamobilya.com\/product\/organik-oyuncak-arazi-araci\/#breadcrumb\",\"itemListElement\":[{\"@type\":\"ListItem\",\"position\":1,\"name\":\"Anasayfa\",\"item\":\"https:\/\/alibabamobilya.com\/\"},{\"@type\":\"ListItem\",\"position\":2,\"name\":\"\\u00dcr\\u00fcnlerimiz\",\"item\":\"https:\/\/alibabamobilya.com\/?page_id=37\"},{\"@type\":\"ListItem\",\"position\":3,\"name\":\"Organik Oyuncak Arazi Arac\\u0131\"}]}]}<\/script>\n<!-- \/ Yoast SEO plugin. -->","_links":{"self":[{"href":"https:\/\/alibabamobilya.com\/index.php?rest_route=\/wp\/v2\/product\/5187","targetHints":{"allow":["GET"]}}],"collection":[{"href":"https:\/\/alibabamobilya.com\/index.php?rest_route=\/wp\/v2\/product"}],"about":[{"href":"https:\/\/alibabamobilya.com\/index.php?rest_route=\/wp\/v2\/types\/product"}],"replies":[{"embeddable":true,"href":"https:\/\/alibabamobilya.com\/index.php?rest_route=%2Fwp%2Fv2%2Fcomments&post=5187"}],"version-history":[{"count":1,"href":"https:\/\/alibabamobilya.com\/index.php?rest_route=\/wp\/v2\/product\/5187\/revisions"}],"predecessor-version":[{"id":5189,"href":"https:\/\/alibabamobilya.com\/index.php?rest_route=\/wp\/v2\/product\/5187\/revisions\/5189"}],"wp:featuredmedia":[{"embeddable":true,"href":"https:\/\/alibabamobilya.com\/index.php?rest_route=\/wp\/v2\/media\/5188"}],"wp:attachment":[{"href":"https:\/\/alibabamobilya.com\/index.php?rest_route=%2Fwp%2Fv2%2Fmedia&parent=5187"}],"wp:term":[{"taxonomy":"product_cat","embeddable":true,"href":"https:\/\/alibabamobilya.com\/index.php?rest_route=%2Fwp%2Fv2%2Fproduct_cat&post=5187"},{"taxonomy":"product_tag","embeddable":true,"href":"https:\/\/alibabamobilya.com\/index.php?rest_route=%2Fwp%2Fv2%2Fproduct_tag&post=5187"}],"curies":[{"name":"wp","href":"https:\/\/api.w.org\/{rel}","templated":true}]}}