{"id":5471,"date":"2021-07-02T10:42:13","date_gmt":"2021-07-02T08:42:13","guid":{"rendered":"https:\/\/alibabamobilya.com\/?post_type=product&#038;p=5471"},"modified":"2022-12-19T11:25:20","modified_gmt":"2022-12-19T09:25:20","slug":"dekoratif-mini-kitaplik","status":"publish","type":"product","link":"https:\/\/alibabamobilya.com\/?product=dekoratif-mini-kitaplik","title":{"rendered":"Dekoratif Mini Kitapl\u0131k"},"content":{"rendered":"","protected":false},"excerpt":{"rendered":"<p>Y\u00fcksek kaliteli malzeme kullan\u0131larak \u00fcretilmi\u015f dekoratif 2 rafl\u0131 kitapl\u0131k<\/p>\n","protected":false},"featured_media":5472,"comment_status":"open","ping_status":"closed","template":"","meta":[],"product_cat":[64,67,42],"product_tag":[],"class_list":{"0":"post-5471","1":"product","2":"type-product","3":"status-publish","4":"has-post-thumbnail","6":"product_cat-kitapliklar","7":"product_cat-raflar","8":"product_cat-all","10":"first","11":"instock","12":"shipping-taxable","13":"purchasable","14":"product-type-simple"},"yoast_head":"<!-- This site is optimized with the Yoast SEO plugin v16.5 - https:\/\/yoast.com\/wordpress\/plugins\/seo\/ -->\n<title>Dekoratif Mini Kitapl\u0131k - Alibaba mobilya<\/title>\n<meta name=\"robots\" content=\"index, follow, max-snippet:-1, max-image-preview:large, max-video-preview:-1\" \/>\n<link rel=\"canonical\" href=\"https:\/\/alibabamobilya.com\/product\/dekoratif-mini-kitaplik\/\" \/>\n<meta property=\"og:locale\" content=\"tr_TR\" \/>\n<meta property=\"og:type\" content=\"article\" \/>\n<meta property=\"og:title\" content=\"Dekoratif Mini Kitapl\u0131k - Alibaba mobilya\" \/>\n<meta property=\"og:description\" content=\"Y\u00fcksek kaliteli malzeme kullan\u0131larak \u00fcretilmi\u015f dekoratif 2 rafl\u0131 kitapl\u0131k\" \/>\n<meta property=\"og:url\" content=\"https:\/\/alibabamobilya.com\/product\/dekoratif-mini-kitaplik\/\" \/>\n<meta property=\"og:site_name\" content=\"Alibaba mobilya\" \/>\n<meta property=\"article:modified_time\" content=\"2022-12-19T09:25:20+00:00\" \/>\n<meta property=\"og:image\" content=\"https:\/\/alibabamobilya.com\/wp-content\/uploads\/2021\/07\/4.png\" \/>\n\t<meta property=\"og:image:width\" content=\"1080\" \/>\n\t<meta property=\"og:image:height\" content=\"1080\" \/>\n<meta name=\"twitter:card\" content=\"summary_large_image\" \/>\n<script type=\"application\/ld+json\" class=\"yoast-schema-graph\">{\"@context\":\"https:\/\/schema.org\",\"@graph\":[{\"@type\":\"WebSite\",\"@id\":\"https:\/\/alibabamobilya.com\/#website\",\"url\":\"https:\/\/alibabamobilya.com\/\",\"name\":\"Alibaba mobilya\",\"description\":\"Infinite furniture\",\"potentialAction\":[{\"@type\":\"SearchAction\",\"target\":\"https:\/\/alibabamobilya.com\/?s={search_term_string}\",\"query-input\":\"required name=search_term_string\"}],\"inLanguage\":\"tr\"},{\"@type\":\"ImageObject\",\"@id\":\"https:\/\/alibabamobilya.com\/product\/dekoratif-mini-kitaplik\/#primaryimage\",\"inLanguage\":\"tr\",\"url\":\"https:\/\/alibabamobilya.com\/wp-content\/uploads\/2021\/07\/4.png\",\"contentUrl\":\"https:\/\/alibabamobilya.com\/wp-content\/uploads\/2021\/07\/4.png\",\"width\":1080,\"height\":1080,\"caption\":\"dekoratif kitapl\\u0131k mini\"},{\"@type\":\"WebPage\",\"@id\":\"https:\/\/alibabamobilya.com\/product\/dekoratif-mini-kitaplik\/#webpage\",\"url\":\"https:\/\/alibabamobilya.com\/product\/dekoratif-mini-kitaplik\/\",\"name\":\"Dekoratif Mini Kitapl\\u0131k - Alibaba mobilya\",\"isPartOf\":{\"@id\":\"https:\/\/alibabamobilya.com\/#website\"},\"primaryImageOfPage\":{\"@id\":\"https:\/\/alibabamobilya.com\/product\/dekoratif-mini-kitaplik\/#primaryimage\"},\"datePublished\":\"2021-07-02T08:42:13+00:00\",\"dateModified\":\"2022-12-19T09:25:20+00:00\",\"breadcrumb\":{\"@id\":\"https:\/\/alibabamobilya.com\/product\/dekoratif-mini-kitaplik\/#breadcrumb\"},\"inLanguage\":\"tr\",\"potentialAction\":[{\"@type\":\"ReadAction\",\"target\":[\"https:\/\/alibabamobilya.com\/product\/dekoratif-mini-kitaplik\/\"]}]},{\"@type\":\"BreadcrumbList\",\"@id\":\"https:\/\/alibabamobilya.com\/product\/dekoratif-mini-kitaplik\/#breadcrumb\",\"itemListElement\":[{\"@type\":\"ListItem\",\"position\":1,\"name\":\"Anasayfa\",\"item\":\"https:\/\/alibabamobilya.com\/\"},{\"@type\":\"ListItem\",\"position\":2,\"name\":\"\\u00dcr\\u00fcnlerimiz\",\"item\":\"https:\/\/alibabamobilya.com\/?page_id=37\"},{\"@type\":\"ListItem\",\"position\":3,\"name\":\"Dekoratif Mini Kitapl\\u0131k\"}]}]}<\/script>\n<!-- \/ Yoast SEO plugin. -->","_links":{"self":[{"href":"https:\/\/alibabamobilya.com\/index.php?rest_route=\/wp\/v2\/product\/5471","targetHints":{"allow":["GET"]}}],"collection":[{"href":"https:\/\/alibabamobilya.com\/index.php?rest_route=\/wp\/v2\/product"}],"about":[{"href":"https:\/\/alibabamobilya.com\/index.php?rest_route=\/wp\/v2\/types\/product"}],"replies":[{"embeddable":true,"href":"https:\/\/alibabamobilya.com\/index.php?rest_route=%2Fwp%2Fv2%2Fcomments&post=5471"}],"version-history":[{"count":1,"href":"https:\/\/alibabamobilya.com\/index.php?rest_route=\/wp\/v2\/product\/5471\/revisions"}],"predecessor-version":[{"id":5473,"href":"https:\/\/alibabamobilya.com\/index.php?rest_route=\/wp\/v2\/product\/5471\/revisions\/5473"}],"wp:featuredmedia":[{"embeddable":true,"href":"https:\/\/alibabamobilya.com\/index.php?rest_route=\/wp\/v2\/media\/5472"}],"wp:attachment":[{"href":"https:\/\/alibabamobilya.com\/index.php?rest_route=%2Fwp%2Fv2%2Fmedia&parent=5471"}],"wp:term":[{"taxonomy":"product_cat","embeddable":true,"href":"https:\/\/alibabamobilya.com\/index.php?rest_route=%2Fwp%2Fv2%2Fproduct_cat&post=5471"},{"taxonomy":"product_tag","embeddable":true,"href":"https:\/\/alibabamobilya.com\/index.php?rest_route=%2Fwp%2Fv2%2Fproduct_tag&post=5471"}],"curies":[{"name":"wp","href":"https:\/\/api.w.org\/{rel}","templated":true}]}}