{"id":5480,"date":"2021-07-02T10:54:21","date_gmt":"2021-07-02T08:54:21","guid":{"rendered":"https:\/\/alibabamobilya.com\/?post_type=product&#038;p=5480"},"modified":"2022-12-19T11:20:35","modified_gmt":"2022-12-19T09:20:35","slug":"pratica-calisma-masasi","status":"publish","type":"product","link":"https:\/\/alibabamobilya.com\/?product=pratica-calisma-masasi","title":{"rendered":"Pratica \u00c7al\u0131\u015fma Masas\u0131"},"content":{"rendered":"","protected":false},"excerpt":{"rendered":"<p>Kullan\u0131\u015fl\u0131k taraf\u0131 a\u011f\u0131r basan modern \u00e7izgileri ile odan\u0131za tam olarak yak\u0131\u015facak bir tasar\u0131m ile yarat\u0131lm\u0131\u015f, kitapl\u0131\u011f\u0131 ile yer kazand\u0131ran bir \u00e7al\u0131\u015fma masas\u0131.<\/p>\n","protected":false},"featured_media":5481,"comment_status":"open","ping_status":"closed","template":"","meta":[],"product_cat":[63,42],"product_tag":[],"class_list":{"0":"post-5480","1":"product","2":"type-product","3":"status-publish","4":"has-post-thumbnail","6":"product_cat-calisma-masasi","7":"product_cat-all","9":"first","10":"instock","11":"shipping-taxable","12":"purchasable","13":"product-type-simple"},"yoast_head":"<!-- This site is optimized with the Yoast SEO plugin v16.5 - https:\/\/yoast.com\/wordpress\/plugins\/seo\/ -->\n<title>Pratica \u00c7al\u0131\u015fma Masas\u0131 - Alibaba mobilya<\/title>\n<meta name=\"robots\" content=\"index, follow, max-snippet:-1, max-image-preview:large, max-video-preview:-1\" \/>\n<link rel=\"canonical\" href=\"https:\/\/alibabamobilya.com\/product\/pratica-calisma-masasi\/\" \/>\n<meta property=\"og:locale\" content=\"tr_TR\" \/>\n<meta property=\"og:type\" content=\"article\" \/>\n<meta property=\"og:title\" content=\"Pratica \u00c7al\u0131\u015fma Masas\u0131 - Alibaba mobilya\" \/>\n<meta property=\"og:description\" content=\"Kullan\u0131\u015fl\u0131k taraf\u0131 a\u011f\u0131r basan modern \u00e7izgileri ile odan\u0131za tam olarak yak\u0131\u015facak bir tasar\u0131m ile yarat\u0131lm\u0131\u015f, kitapl\u0131\u011f\u0131 ile yer kazand\u0131ran bir \u00e7al\u0131\u015fma masas\u0131.\" \/>\n<meta property=\"og:url\" content=\"https:\/\/alibabamobilya.com\/product\/pratica-calisma-masasi\/\" \/>\n<meta property=\"og:site_name\" content=\"Alibaba mobilya\" \/>\n<meta property=\"article:modified_time\" content=\"2022-12-19T09:20:35+00:00\" \/>\n<meta property=\"og:image\" content=\"https:\/\/alibabamobilya.com\/wp-content\/uploads\/2021\/07\/9.png\" \/>\n\t<meta property=\"og:image:width\" content=\"1080\" \/>\n\t<meta property=\"og:image:height\" content=\"1080\" \/>\n<meta name=\"twitter:card\" content=\"summary_large_image\" \/>\n<script type=\"application\/ld+json\" class=\"yoast-schema-graph\">{\"@context\":\"https:\/\/schema.org\",\"@graph\":[{\"@type\":\"WebSite\",\"@id\":\"https:\/\/alibabamobilya.com\/#website\",\"url\":\"https:\/\/alibabamobilya.com\/\",\"name\":\"Alibaba mobilya\",\"description\":\"Infinite furniture\",\"potentialAction\":[{\"@type\":\"SearchAction\",\"target\":\"https:\/\/alibabamobilya.com\/?s={search_term_string}\",\"query-input\":\"required name=search_term_string\"}],\"inLanguage\":\"tr\"},{\"@type\":\"ImageObject\",\"@id\":\"https:\/\/alibabamobilya.com\/product\/pratica-calisma-masasi\/#primaryimage\",\"inLanguage\":\"tr\",\"url\":\"https:\/\/alibabamobilya.com\/wp-content\/uploads\/2021\/07\/9.png\",\"contentUrl\":\"https:\/\/alibabamobilya.com\/wp-content\/uploads\/2021\/07\/9.png\",\"width\":1080,\"height\":1080,\"caption\":\"pratica_masa\"},{\"@type\":\"WebPage\",\"@id\":\"https:\/\/alibabamobilya.com\/product\/pratica-calisma-masasi\/#webpage\",\"url\":\"https:\/\/alibabamobilya.com\/product\/pratica-calisma-masasi\/\",\"name\":\"Pratica \\u00c7al\\u0131\\u015fma Masas\\u0131 - Alibaba mobilya\",\"isPartOf\":{\"@id\":\"https:\/\/alibabamobilya.com\/#website\"},\"primaryImageOfPage\":{\"@id\":\"https:\/\/alibabamobilya.com\/product\/pratica-calisma-masasi\/#primaryimage\"},\"datePublished\":\"2021-07-02T08:54:21+00:00\",\"dateModified\":\"2022-12-19T09:20:35+00:00\",\"breadcrumb\":{\"@id\":\"https:\/\/alibabamobilya.com\/product\/pratica-calisma-masasi\/#breadcrumb\"},\"inLanguage\":\"tr\",\"potentialAction\":[{\"@type\":\"ReadAction\",\"target\":[\"https:\/\/alibabamobilya.com\/product\/pratica-calisma-masasi\/\"]}]},{\"@type\":\"BreadcrumbList\",\"@id\":\"https:\/\/alibabamobilya.com\/product\/pratica-calisma-masasi\/#breadcrumb\",\"itemListElement\":[{\"@type\":\"ListItem\",\"position\":1,\"name\":\"Anasayfa\",\"item\":\"https:\/\/alibabamobilya.com\/\"},{\"@type\":\"ListItem\",\"position\":2,\"name\":\"\\u00dcr\\u00fcnlerimiz\",\"item\":\"https:\/\/alibabamobilya.com\/?page_id=37\"},{\"@type\":\"ListItem\",\"position\":3,\"name\":\"Pratica \\u00c7al\\u0131\\u015fma Masas\\u0131\"}]}]}<\/script>\n<!-- \/ Yoast SEO plugin. -->","_links":{"self":[{"href":"https:\/\/alibabamobilya.com\/index.php?rest_route=\/wp\/v2\/product\/5480","targetHints":{"allow":["GET"]}}],"collection":[{"href":"https:\/\/alibabamobilya.com\/index.php?rest_route=\/wp\/v2\/product"}],"about":[{"href":"https:\/\/alibabamobilya.com\/index.php?rest_route=\/wp\/v2\/types\/product"}],"replies":[{"embeddable":true,"href":"https:\/\/alibabamobilya.com\/index.php?rest_route=%2Fwp%2Fv2%2Fcomments&post=5480"}],"version-history":[{"count":1,"href":"https:\/\/alibabamobilya.com\/index.php?rest_route=\/wp\/v2\/product\/5480\/revisions"}],"predecessor-version":[{"id":5482,"href":"https:\/\/alibabamobilya.com\/index.php?rest_route=\/wp\/v2\/product\/5480\/revisions\/5482"}],"wp:featuredmedia":[{"embeddable":true,"href":"https:\/\/alibabamobilya.com\/index.php?rest_route=\/wp\/v2\/media\/5481"}],"wp:attachment":[{"href":"https:\/\/alibabamobilya.com\/index.php?rest_route=%2Fwp%2Fv2%2Fmedia&parent=5480"}],"wp:term":[{"taxonomy":"product_cat","embeddable":true,"href":"https:\/\/alibabamobilya.com\/index.php?rest_route=%2Fwp%2Fv2%2Fproduct_cat&post=5480"},{"taxonomy":"product_tag","embeddable":true,"href":"https:\/\/alibabamobilya.com\/index.php?rest_route=%2Fwp%2Fv2%2Fproduct_tag&post=5480"}],"curies":[{"name":"wp","href":"https:\/\/api.w.org\/{rel}","templated":true}]}}